{"id":1318,"date":"2017-05-31T05:05:41","date_gmt":"2017-05-31T05:05:41","guid":{"rendered":"https:\/\/melik.ro\/kapcsolat\/"},"modified":"2024-06-06T22:01:29","modified_gmt":"2024-06-06T20:01:29","slug":"contact","status":"publish","type":"page","link":"https:\/\/melik.ro\/ro\/contact\/","title":{"rendered":"Contact"},"content":{"rendered":"\t\t<div data-elementor-type=\"wp-post\" data-elementor-id=\"1318\" class=\"elementor elementor-1318 elementor-91\" data-elementor-post-type=\"page\">\n\t\t\t\t\t\t\t\t\t<section class=\"elementor-section elementor-top-section elementor-element elementor-element-9diqe2l elementor-section-full_width elementor-section-height-min-height elementor-section-height-default elementor-section-items-middle\" data-id=\"9diqe2l\" data-element_type=\"section\" data-settings=\"{&quot;background_background&quot;:&quot;classic&quot;}\">\n\t\t\t\t\t\t\t<div class=\"elementor-background-overlay\"><\/div>\n\t\t\t\t\t\t\t<div class=\"elementor-container elementor-column-gap-no\">\n\t\t\t\t\t<div class=\"elementor-column elementor-col-100 elementor-top-column elementor-element elementor-element-euwlt2i\" data-id=\"euwlt2i\" data-element_type=\"column\">\n\t\t\t<div class=\"elementor-widget-wrap elementor-element-populated\">\n\t\t\t\t\t\t\t\t<div class=\"elementor-element elementor-element-2e96c4e elementor-widget elementor-widget-spacer\" data-id=\"2e96c4e\" data-element_type=\"widget\" data-widget_type=\"spacer.default\">\n\t\t\t\t<div class=\"elementor-widget-container\">\n\t\t\t\t\t<div class=\"elementor-spacer\">\n\t\t\t<div class=\"elementor-spacer-inner\"><\/div>\n\t\t<\/div>\n\t\t\t\t<\/div>\n\t\t\t\t<\/div>\n\t\t\t\t\t<\/div>\n\t\t<\/div>\n\t\t\t\t\t\t\t<\/div>\n\t\t<\/section>\n\t\t\t\t<section class=\"elementor-section elementor-top-section elementor-element elementor-element-qgk6sn0 elementor-section-boxed elementor-section-height-default elementor-section-height-default\" data-id=\"qgk6sn0\" data-element_type=\"section\" data-settings=\"{&quot;background_background&quot;:&quot;classic&quot;}\">\n\t\t\t\t\t\t<div class=\"elementor-container elementor-column-gap-default\">\n\t\t\t\t\t<div class=\"elementor-column elementor-col-100 elementor-top-column elementor-element elementor-element-uaw4tj7\" data-id=\"uaw4tj7\" data-element_type=\"column\">\n\t\t\t<div class=\"elementor-widget-wrap elementor-element-populated\">\n\t\t\t\t\t\t\t\t<div class=\"elementor-element elementor-element-l1yaoi4 elementor-view-default elementor-position-top elementor-widget elementor-widget-themo-header\" data-id=\"l1yaoi4\" data-element_type=\"widget\" data-widget_type=\"themo-header.default\">\n\t\t\t\t<div class=\"elementor-widget-container\">\n\t\t\t\t\t<div class=\"th-header-wrap\">\n        <div class=\"elementor-icon-box-wrapper \">\n                            <div class=\"elementor-icon-box-content\">\n                    <h1 class=\"elementor-icon-box-title\">\n                        V\u0103 rug\u0103m s\u0103 lua\u021bi leg\u0103tura cu noi                    <\/h1>\n                                        <p class=\"elementor-icon-box-description\">Vom r\u0103spunde \u00een cel mai scurt timp posibil.<\/p>\n\n                                    <\/div>\n            <\/div>\n\n        <\/div>\n\n\t\t\t\t<\/div>\n\t\t\t\t<\/div>\n\t\t\t\t<div class=\"elementor-element elementor-element-412f9ae elementor-widget elementor-widget-text-editor\" data-id=\"412f9ae\" data-element_type=\"widget\" data-widget_type=\"text-editor.default\">\n\t\t\t\t<div class=\"elementor-widget-container\">\n\t\t\t\t\t\t\t<p><strong>LOCA\u021aIA<\/strong><\/p><p>Borsec, Harghita<br \/>Str. 7 Izvoare Nr. 27<\/p><p>Check-in: 14.00<br \/>Check-out: 12.00<\/p><p><strong>Mobil:<\/strong> 004 0743 206 490<br \/><strong>Mobil:<\/strong> 004 0743 122 926<br \/>Mail: info@melik.ro<\/p>\t\t\t\t\t\t<\/div>\n\t\t\t\t<\/div>\n\t\t\t\t\t<\/div>\n\t\t<\/div>\n\t\t\t\t\t\t\t<\/div>\n\t\t<\/section>\n\t\t\t\t<section class=\"elementor-section elementor-top-section elementor-element elementor-element-7ffa8594 elementor-section-boxed elementor-section-height-default elementor-section-height-default\" data-id=\"7ffa8594\" data-element_type=\"section\" data-settings=\"{&quot;background_background&quot;:&quot;classic&quot;}\">\n\t\t\t\t\t\t<div class=\"elementor-container elementor-column-gap-default\">\n\t\t\t\t\t<div class=\"elementor-column elementor-col-100 elementor-top-column elementor-element elementor-element-151b0085\" data-id=\"151b0085\" data-element_type=\"column\">\n\t\t\t<div class=\"elementor-widget-wrap elementor-element-populated\">\n\t\t\t\t\t\t\t\t<div class=\"elementor-element elementor-element-72c23312 elementor-align-center elementor-widget elementor-widget-button\" data-id=\"72c23312\" data-element_type=\"widget\" data-widget_type=\"button.default\">\n\t\t\t\t<div class=\"elementor-widget-container\">\n\t\t\t\t\t<div class=\"elementor-button-wrapper\">\n\t\t\t<a class=\"elementor-button elementor-button-link elementor-size-xl\" href=\"https:\/\/www.google.hu\/maps\/dir\/\/46.9747662,25.5643649\/@46.9744302,25.5636465,416m\/data=!3m1!1e3!4m2!4m1!3e4?entry=ttu\" target=\"_blank\">\n\t\t\t\t\t\t<span class=\"elementor-button-content-wrapper\">\n\t\t\t\t\t\t<span class=\"elementor-button-icon elementor-align-icon-left\">\n\t\t\t\t<i aria-hidden=\"true\" class=\"fas fa-map-marked-alt\"><\/i>\t\t\t<\/span>\n\t\t\t\t\t\t<span class=\"elementor-button-text\">Ruta cu un singur clic - Click<\/span>\n\t\t<\/span>\n\t\t\t\t\t<\/a>\n\t\t<\/div>\n\t\t\t\t<\/div>\n\t\t\t\t<\/div>\n\t\t\t\t\t<\/div>\n\t\t<\/div>\n\t\t\t\t\t\t\t<\/div>\n\t\t<\/section>\n\t\t\t\t<section class=\"elementor-section elementor-top-section elementor-element elementor-element-3090a467 elementor-section-boxed elementor-section-height-default elementor-section-height-default\" data-id=\"3090a467\" data-element_type=\"section\" data-settings=\"{&quot;background_background&quot;:&quot;classic&quot;}\">\n\t\t\t\t\t\t<div class=\"elementor-container elementor-column-gap-extended\">\n\t\t\t\t\t<div class=\"elementor-column elementor-col-50 elementor-top-column elementor-element elementor-element-75cb9a22\" data-id=\"75cb9a22\" data-element_type=\"column\">\n\t\t\t<div class=\"elementor-widget-wrap elementor-element-populated\">\n\t\t\t\t\t\t\t\t<div class=\"elementor-element elementor-element-60c99fc5 elementor-position-left elementor-view-default elementor-widget elementor-widget-themo-service-block\" data-id=\"60c99fc5\" data-element_type=\"widget\" data-widget_type=\"themo-service-block.default\">\n\t\t\t\t<div class=\"elementor-widget-container\">\n\t\t\t\t\t<div class=\"th-service-block-w\">\n            <div class=\"elementor-icon-box-wrapper th-show-icon\">\n                                    <div class=\"elementor-icon-box-icon th-icon-size-sm\">\n                        <span class=\"elementor-icon \" >\n                            <i aria-hidden=\"true\" class=\"fasth-linea icon-basic-smartphone\"><\/i>                        <\/span>\n                    <\/div>\n                                <div class=\"elementor-icon-box-content\">\n                    <h4 class=\"elementor-icon-box-title\">\n                        <span >Sun\u0103-m\u0103 la telefon<\/span>\n                    <\/h4>\n                    <p class=\"elementor-icon-box-description\">Cea mai rapid\u0103 modalitate de a primi r\u0103spuns este prin apel telefonic, a\u0219a c\u0103 v\u0103 rug\u0103m s\u0103 suna\u021bi la num\u0103rul disponibil pe pagina de contact.<\/p>\n                <\/div>\n            <\/div>\n\n        <\/div>\n\n\t\t\t\t<\/div>\n\t\t\t\t<\/div>\n\t\t\t\t<div class=\"elementor-element elementor-element-27af69fe elementor-position-left elementor-view-default elementor-widget elementor-widget-themo-service-block\" data-id=\"27af69fe\" data-element_type=\"widget\" data-widget_type=\"themo-service-block.default\">\n\t\t\t\t<div class=\"elementor-widget-container\">\n\t\t\t\t\t<div class=\"th-service-block-w\">\n            <div class=\"elementor-icon-box-wrapper th-show-icon\">\n                                    <div class=\"elementor-icon-box-icon th-icon-size-sm\">\n                        <span class=\"elementor-icon \" >\n                            <i aria-hidden=\"true\" class=\"fasth-linea icon-basic-mail\"><\/i>                        <\/span>\n                    <\/div>\n                                <div class=\"elementor-icon-box-content\">\n                    <h4 class=\"elementor-icon-box-title\">\n                        <span >Trimite o scrisoare rapid\u0103<\/span>\n                    <\/h4>\n                    <p class=\"elementor-icon-box-description\">V\u0103 rug\u0103m s\u0103 trimite\u021bi un e-mail rapid folosind formularul ata\u0219at. Vom r\u0103spunde \u00een cel mai scurt timp posibil sau v\u0103 vom suna \u00eenapoi.<\/p>\n                <\/div>\n            <\/div>\n\n        <\/div>\n\n\t\t\t\t<\/div>\n\t\t\t\t<\/div>\n\t\t\t\t<div class=\"elementor-element elementor-element-4a266f52 elementor-position-left elementor-view-default elementor-widget elementor-widget-themo-service-block\" data-id=\"4a266f52\" data-element_type=\"widget\" data-widget_type=\"themo-service-block.default\">\n\t\t\t\t<div class=\"elementor-widget-container\">\n\t\t\t\t\t<div class=\"th-service-block-w\">\n            <div class=\"elementor-icon-box-wrapper th-show-icon\">\n                                    <div class=\"elementor-icon-box-icon th-icon-size-sm\">\n                        <span class=\"elementor-icon \" >\n                            <i aria-hidden=\"true\" class=\"fasth-trip travelpack-location-pin-1\"><\/i>                        <\/span>\n                    <\/div>\n                                <div class=\"elementor-icon-box-content\">\n                    <h4 class=\"elementor-icon-box-title\">\n                        <span >Pe loc<\/span>\n                    <\/h4>\n                    <p class=\"elementor-icon-box-description\">Dac\u0103 v\u0103 afla\u021bi \u00een Borsec \u0219i c\u0103uta\u021bi cazare, v\u0103 rug\u0103m s\u0103 ne vizita\u021bi, iar dac\u0103 avem camere libere, v\u0103 vom primi imediat.<\/p>\n                <\/div>\n            <\/div>\n\n        <\/div>\n\n\t\t\t\t<\/div>\n\t\t\t\t<\/div>\n\t\t\t\t<div class=\"elementor-element elementor-element-7ea0c6fa elementor-widget elementor-widget-spacer\" data-id=\"7ea0c6fa\" data-element_type=\"widget\" data-widget_type=\"spacer.default\">\n\t\t\t\t<div class=\"elementor-widget-container\">\n\t\t\t\t\t<div class=\"elementor-spacer\">\n\t\t\t<div class=\"elementor-spacer-inner\"><\/div>\n\t\t<\/div>\n\t\t\t\t<\/div>\n\t\t\t\t<\/div>\n\t\t\t\t\t<\/div>\n\t\t<\/div>\n\t\t\t\t<div class=\"elementor-column elementor-col-50 elementor-top-column elementor-element elementor-element-5b625439\" data-id=\"5b625439\" data-element_type=\"column\">\n\t\t\t<div class=\"elementor-widget-wrap elementor-element-populated\">\n\t\t\t\t\t\t\t\t<div class=\"elementor-element elementor-element-79217b91 elementor-widget elementor-widget-themo-formidable-form\" data-id=\"79217b91\" data-element_type=\"widget\" data-widget_type=\"themo-formidable-form.default\">\n\t\t\t\t<div class=\"elementor-widget-container\">\n\t\t\t            <div class=\"th-fo-form  th-form-default  th-btn-form btn-standard-primary-form\"><div class=\"frm_forms  with_frm_style frm_style_formidable-style\" id=\"frm_form_21_container\" >\n<form enctype=\"multipart\/form-data\" method=\"post\" class=\"frm-show-form  frm_pro_form \" id=\"form_contact32\"  >\n<div class=\"frm_form_fields \">\n<fieldset>\n\r\n<div class=\"frm_fields_container\">\n<input type=\"hidden\" name=\"frm_action\" value=\"create\" \/>\n<input type=\"hidden\" name=\"form_id\" value=\"21\" \/>\n<input type=\"hidden\" name=\"frm_hide_fields_21\" id=\"frm_hide_fields_21\" value=\"\" \/>\n<input type=\"hidden\" name=\"form_key\" value=\"contact32\" \/>\n<input type=\"hidden\" name=\"item_meta[0]\" value=\"\" \/>\n<input type=\"hidden\" id=\"frm_submit_entry_21\" name=\"frm_submit_entry_21\" value=\"0bf6ebf68e\" \/><input type=\"hidden\" name=\"_wp_http_referer\" value=\"\/ro\/wp-json\/wp\/v2\/pages\/1318\" \/><div id=\"frm_field_131_container\" class=\"frm_form_field form-field  frm_required_field frm_none_container frm_full\">\r\n    <label for=\"field_xipbjr32\" class=\"frm_primary_label\">Nume\r\n        <span class=\"frm_required\">*<\/span>\r\n    <\/label>\r\n    <input type=\"text\" id=\"field_xipbjr32\" name=\"item_meta[131]\" value=\"\"  placeholder=\"Nume\" data-reqmsg=\"Ez a mez\u0151 nem maradhat \u00fcresen.\" aria-required=\"true\" data-invmsg=\"Name is invalid\" aria-invalid=\"false\"  \/>\r\n    \r\n    \r\n<\/div>\n<div id=\"frm_field_132_container\" class=\"frm_form_field form-field  frm_required_field frm_none_container frm_full\">\r\n    <label for=\"field_jaehy832\" class=\"frm_primary_label\">Adresa de e-mail\r\n        <span class=\"frm_required\">*<\/span>\r\n    <\/label>\r\n    <input type=\"text\" id=\"field_jaehy832\" name=\"item_meta[132]\" value=\"\"  placeholder=\"Adresa de e-mail\" data-reqmsg=\"Ez a mez\u0151 nem maradhat \u00fcresen.\" aria-required=\"true\" data-invmsg=\"Email is invalid\" aria-invalid=\"false\"  \/>\r\n    \r\n    \r\n<\/div>\n<div id=\"frm_field_133_container\" class=\"frm_form_field form-field  frm_none_container frm_full\">\r\n    <label for=\"field_cqpguu32\" class=\"frm_primary_label\">Nr. de telefon\r\n        <span class=\"frm_required\"><\/span>\r\n    <\/label>\r\n    <input type=\"text\" id=\"field_cqpguu32\" name=\"item_meta[133]\" value=\"\"  placeholder=\"Nr. de telefon\" data-invmsg=\"Phone is invalid\" aria-invalid=\"false\"  \/>\r\n    \r\n    \r\n<\/div>\n<div id=\"frm_field_134_container\" class=\"frm_form_field form-field  frm_required_field frm_none_container frm_full\">\r\n    <label for=\"field_w7ueyk32\" class=\"frm_primary_label\">Subiect\r\n        <span class=\"frm_required\">*<\/span>\r\n    <\/label>\r\n    <input type=\"text\" id=\"field_w7ueyk32\" name=\"item_meta[134]\" value=\"\"  placeholder=\"Subiect\" data-reqmsg=\"Ez a mez\u0151 nem maradhat \u00fcresen.\" aria-required=\"true\" data-invmsg=\"Subject is invalid\" aria-invalid=\"false\"  \/>\r\n    \r\n    \r\n<\/div>\n<div id=\"frm_field_135_container\" class=\"frm_form_field form-field  frm_required_field frm_none_container frm_full\">\r\n    <label for=\"field_kggkvh32\" class=\"frm_primary_label\">Mesaj\r\n        <span class=\"frm_required\">*<\/span>\r\n    <\/label>\r\n    <textarea name=\"item_meta[135]\" id=\"field_kggkvh32\" rows=\"5\"  placeholder=\"Mesaj\" data-reqmsg=\"Ez a mez\u0151 nem maradhat \u00fcresen.\" aria-required=\"true\" data-invmsg=\"Message is invalid\" aria-invalid=\"false\"  ><\/textarea>\r\n    \r\n    \r\n<\/div>\n\t<input type=\"hidden\" name=\"item_key\" value=\"\" \/>\n\t\t\t\t<div class=\"frm__657329dd7f3da\">\n\t\t\t\t<label for=\"frm_email_21\" >\n\t\t\t\t\tIf you are human, leave this field blank.\t\t\t\t<\/label>\n\t\t\t\t<input  id=\"frm_email_21\" type=\"text\" class=\"frm_verify\" name=\"frm__657329dd7f3da\" value=\"\" autocomplete=\"false\"  \/>\n\t\t\t<\/div>\n\t\t<input name=\"frm_state\" type=\"hidden\" value=\"BlfzDjp3EfiaSXnJpDzPII59bg3DqiRgybAzR5795tU=\" \/><div class=\"frm_submit\">\r\n\r\n<input type=\"submit\" value=\"Trimite\"  class=\"frm_final_submit\" \/>\r\n<img decoding=\"async\" class=\"frm_ajax_loading\" src=\"https:\/\/melik.ro\/wp-content\/plugins\/formidable\/images\/ajax_loader.gif\" alt=\"Sending\" style=\"visibility:hidden;\" \/>\r\n\r\n<\/div><\/div>\n<\/fieldset>\n<\/div>\n<\/form>\n<\/div>\n<\/div>\n            \t\t<\/div>\n\t\t\t\t<\/div>\n\t\t\t\t\t<\/div>\n\t\t<\/div>\n\t\t\t\t\t\t\t<\/div>\n\t\t<\/section>\n\t\t\t\t\t\t\t<\/div>\n\t\t","protected":false},"excerpt":{"rendered":"<p>V\u0103 rug\u0103m s\u0103 lua\u021bi leg\u0103tura cu noi Vom r\u0103spunde \u00een cel mai scurt timp posibil. LOCA\u021aIA Borsec, HarghitaStr. 7 Izvoare Nr. 27 Check-in: 14.00Check-out: 12.00 Mobil: 004 0743 206 490Mobil: 004 0743 122 926Mail: info@melik.ro Ruta cu un singur clic &hellip; <a href=\"https:\/\/melik.ro\/ro\/contact\/\">Read More<\/a><\/p>\n","protected":false},"author":1,"featured_media":0,"parent":0,"menu_order":28,"comment_status":"closed","ping_status":"closed","template":"","meta":{"footnotes":""},"class_list":["post-1318","page","type-page","status-publish","hentry"],"yoast_head":"<!-- This site is optimized with the Yoast SEO Premium plugin v21.0 (Yoast SEO v22.0) - https:\/\/yoast.com\/wordpress\/plugins\/seo\/ -->\n<title>M\u00e9lik h\u00e1z Borsz\u00e9k - M\u00e9lik panzi\u00f3 Borsz\u00e9k - Melik sz\u00e1lloda Borsz\u00e9k<\/title>\n<meta name=\"description\" content=\"borsz\u00e9k, luxus sz\u00e1ll\u00e1s, panzi\u00f3, hotel, borsz\u00e9k, sz\u00e1lloda, borsz\u00e9k sz\u00e1ll\u00e1s, borsz\u00e9k sz\u00e1lloda, borsz\u00e9ki \u00e1sv\u00e1nyv\u00edz\" \/>\n<meta name=\"robots\" content=\"index, follow, max-snippet:-1, max-image-preview:large, max-video-preview:-1\" \/>\n<link rel=\"canonical\" href=\"https:\/\/melik.ro\/kapcsolat\/\" \/>\n<meta property=\"og:locale\" content=\"ro_RO\" \/>\n<meta property=\"og:type\" content=\"article\" \/>\n<meta property=\"og:title\" content=\"Contact\" \/>\n<meta property=\"og:description\" content=\"borsz\u00e9k, luxus sz\u00e1ll\u00e1s, panzi\u00f3, hotel, borsz\u00e9k, sz\u00e1lloda, borsz\u00e9k sz\u00e1ll\u00e1s, borsz\u00e9k sz\u00e1lloda, borsz\u00e9ki \u00e1sv\u00e1nyv\u00edz\" \/>\n<meta property=\"og:url\" content=\"https:\/\/melik.ro\/kapcsolat\/\" \/>\n<meta property=\"og:site_name\" content=\"Melik\" \/>\n<meta property=\"article:modified_time\" content=\"2024-06-06T20:01:29+00:00\" \/>\n<meta property=\"og:image\" content=\"https:\/\/melik.ro\/wp-content\/plugins\/formidable\/images\/ajax_loader.gif\" \/>\n<meta name=\"twitter:card\" content=\"summary_large_image\" \/>\n<meta name=\"twitter:label1\" content=\"Timp estimat pentru citire\" \/>\n\t<meta name=\"twitter:data1\" content=\"1 minut\" \/>\n<script type=\"application\/ld+json\" class=\"yoast-schema-graph\">{\"@context\":\"https:\/\/schema.org\",\"@graph\":[{\"@type\":\"WebPage\",\"@id\":\"https:\/\/melik.ro\/kapcsolat\/\",\"url\":\"https:\/\/melik.ro\/kapcsolat\/\",\"name\":\"M\u00e9lik h\u00e1z Borsz\u00e9k - M\u00e9lik panzi\u00f3 Borsz\u00e9k - Melik sz\u00e1lloda Borsz\u00e9k\",\"isPartOf\":{\"@id\":\"https:\/\/melik.ro\/#website\"},\"datePublished\":\"2017-05-31T05:05:41+00:00\",\"dateModified\":\"2024-06-06T20:01:29+00:00\",\"description\":\"borsz\u00e9k, luxus sz\u00e1ll\u00e1s, panzi\u00f3, hotel, borsz\u00e9k, sz\u00e1lloda, borsz\u00e9k sz\u00e1ll\u00e1s, borsz\u00e9k sz\u00e1lloda, borsz\u00e9ki \u00e1sv\u00e1nyv\u00edz\",\"breadcrumb\":{\"@id\":\"https:\/\/melik.ro\/kapcsolat\/#breadcrumb\"},\"inLanguage\":\"ro-RO\",\"potentialAction\":[{\"@type\":\"ReadAction\",\"target\":[\"https:\/\/melik.ro\/kapcsolat\/\"]}]},{\"@type\":\"BreadcrumbList\",\"@id\":\"https:\/\/melik.ro\/kapcsolat\/#breadcrumb\",\"itemListElement\":[{\"@type\":\"ListItem\",\"position\":1,\"name\":\"Home\",\"item\":\"https:\/\/melik.ro\/\"},{\"@type\":\"ListItem\",\"position\":2,\"name\":\"Contact\"}]},{\"@type\":\"WebSite\",\"@id\":\"https:\/\/melik.ro\/#website\",\"url\":\"https:\/\/melik.ro\/\",\"name\":\"Melik\",\"description\":\"\",\"potentialAction\":[{\"@type\":\"SearchAction\",\"target\":{\"@type\":\"EntryPoint\",\"urlTemplate\":\"https:\/\/melik.ro\/?s={search_term_string}\"},\"query-input\":\"required name=search_term_string\"}],\"inLanguage\":\"ro-RO\"}]}<\/script>\n<!-- \/ Yoast SEO Premium plugin. -->","yoast_head_json":{"title":"M\u00e9lik h\u00e1z Borsz\u00e9k - M\u00e9lik panzi\u00f3 Borsz\u00e9k - Melik sz\u00e1lloda Borsz\u00e9k","description":"borsz\u00e9k, luxus sz\u00e1ll\u00e1s, panzi\u00f3, hotel, borsz\u00e9k, sz\u00e1lloda, borsz\u00e9k sz\u00e1ll\u00e1s, borsz\u00e9k sz\u00e1lloda, borsz\u00e9ki \u00e1sv\u00e1nyv\u00edz","robots":{"index":"index","follow":"follow","max-snippet":"max-snippet:-1","max-image-preview":"max-image-preview:large","max-video-preview":"max-video-preview:-1"},"canonical":"https:\/\/melik.ro\/kapcsolat\/","og_locale":"ro_RO","og_type":"article","og_title":"Contact","og_description":"borsz\u00e9k, luxus sz\u00e1ll\u00e1s, panzi\u00f3, hotel, borsz\u00e9k, sz\u00e1lloda, borsz\u00e9k sz\u00e1ll\u00e1s, borsz\u00e9k sz\u00e1lloda, borsz\u00e9ki \u00e1sv\u00e1nyv\u00edz","og_url":"https:\/\/melik.ro\/kapcsolat\/","og_site_name":"Melik","article_modified_time":"2024-06-06T20:01:29+00:00","og_image":[{"url":"https:\/\/melik.ro\/wp-content\/plugins\/formidable\/images\/ajax_loader.gif"}],"twitter_card":"summary_large_image","twitter_misc":{"Timp estimat pentru citire":"1 minut"},"schema":{"@context":"https:\/\/schema.org","@graph":[{"@type":"WebPage","@id":"https:\/\/melik.ro\/kapcsolat\/","url":"https:\/\/melik.ro\/kapcsolat\/","name":"M\u00e9lik h\u00e1z Borsz\u00e9k - M\u00e9lik panzi\u00f3 Borsz\u00e9k - Melik sz\u00e1lloda Borsz\u00e9k","isPartOf":{"@id":"https:\/\/melik.ro\/#website"},"datePublished":"2017-05-31T05:05:41+00:00","dateModified":"2024-06-06T20:01:29+00:00","description":"borsz\u00e9k, luxus sz\u00e1ll\u00e1s, panzi\u00f3, hotel, borsz\u00e9k, sz\u00e1lloda, borsz\u00e9k sz\u00e1ll\u00e1s, borsz\u00e9k sz\u00e1lloda, borsz\u00e9ki \u00e1sv\u00e1nyv\u00edz","breadcrumb":{"@id":"https:\/\/melik.ro\/kapcsolat\/#breadcrumb"},"inLanguage":"ro-RO","potentialAction":[{"@type":"ReadAction","target":["https:\/\/melik.ro\/kapcsolat\/"]}]},{"@type":"BreadcrumbList","@id":"https:\/\/melik.ro\/kapcsolat\/#breadcrumb","itemListElement":[{"@type":"ListItem","position":1,"name":"Home","item":"https:\/\/melik.ro\/"},{"@type":"ListItem","position":2,"name":"Contact"}]},{"@type":"WebSite","@id":"https:\/\/melik.ro\/#website","url":"https:\/\/melik.ro\/","name":"Melik","description":"","potentialAction":[{"@type":"SearchAction","target":{"@type":"EntryPoint","urlTemplate":"https:\/\/melik.ro\/?s={search_term_string}"},"query-input":"required name=search_term_string"}],"inLanguage":"ro-RO"}]}},"_links":{"self":[{"href":"https:\/\/melik.ro\/ro\/wp-json\/wp\/v2\/pages\/1318","targetHints":{"allow":["GET"]}}],"collection":[{"href":"https:\/\/melik.ro\/ro\/wp-json\/wp\/v2\/pages"}],"about":[{"href":"https:\/\/melik.ro\/ro\/wp-json\/wp\/v2\/types\/page"}],"author":[{"embeddable":true,"href":"https:\/\/melik.ro\/ro\/wp-json\/wp\/v2\/users\/1"}],"replies":[{"embeddable":true,"href":"https:\/\/melik.ro\/ro\/wp-json\/wp\/v2\/comments?post=1318"}],"version-history":[{"count":10,"href":"https:\/\/melik.ro\/ro\/wp-json\/wp\/v2\/pages\/1318\/revisions"}],"predecessor-version":[{"id":1815,"href":"https:\/\/melik.ro\/ro\/wp-json\/wp\/v2\/pages\/1318\/revisions\/1815"}],"wp:attachment":[{"href":"https:\/\/melik.ro\/ro\/wp-json\/wp\/v2\/media?parent=1318"}],"curies":[{"name":"wp","href":"https:\/\/api.w.org\/{rel}","templated":true}]}}